{"id":2351,"date":"2019-09-29T23:55:43","date_gmt":"2019-09-29T23:55:43","guid":{"rendered":"https:\/\/guiaenmachupicchu.com\/obrigada\/"},"modified":"2026-03-11T22:49:25","modified_gmt":"2026-03-12T03:49:25","slug":"obrigada","status":"publish","type":"page","link":"https:\/\/guiaenmachupicchu.com\/pt-br\/obrigada\/","title":{"rendered":"Obrigada"},"content":{"rendered":"<div class=\"wpb-content-wrapper\">[vc_row full_width=&#8221;stretch_row&#8221; el_id=&#8221;gracias&#8221; css=&#8221;.vc_custom_1520635733737{background-image: url(https:\/\/guiaenmachupicchu.com\/wp-content\/uploads\/2018\/03\/tarifas-fondo-img.jpg?id=36) !important;}&#8221;][vc_column][vc_column_text el_class=&#8221;gracias_texto&#8221;]\n<h1 style=\"text-align: center;\">Obrigada<\/h1>\n<p style=\"text-align: center;\"><strong>N\u00f3s recebemos suas informa\u00e7\u00f5es corretamente<\/strong><\/p>\n<p style=\"text-align: center;\">Para n\u00f3s o seu pedido \u00e9 muito importante.<br \/>\nEstaremos nos comunicando com voc\u00ea o mais breve poss\u00edvel.<br \/>\nSe voc\u00ea quiser aten\u00e7\u00e3o imediata, entre em contato com o seguinte n\u00famero:<\/p>\n<h2 style=\"text-align: center;\"><i class=\"fa fa-phone\"><\/i> 051 \u2013 084 \u2013 948922555<\/h2>\n[\/vc_column_text][vc_btn title=&#8221;VOLTAR PARA CASA&#8221; style=&#8221;custom&#8221; custom_text=&#8221;#666666&#8243; align=&#8221;center&#8221; link=&#8221;url:https%3A%2F%2Fguiaenmachupicchu.com%2F|&#8221; el_class=&#8221;gracias_btn&#8221;][vc_raw_html]PCEtLSBHb29nbGUgQ29kZSBmb3IgTGxlbmFkbyBGb3JtdWxhcmlvIENvbnZlcnNpb24gUGFnZSAtLT4NCjxzY3JpcHQgdHlwZT0idGV4dC9qYXZhc2NyaXB0Ij4NCi8qIDwhW0NEQVRBWyAqLw0KdmFyIGdvb2dsZV9jb252ZXJzaW9uX2lkID0gODE0Mzk0OTMzOw0KdmFyIGdvb2dsZV9jb252ZXJzaW9uX2xhYmVsID0gInFZclhDSXVaLUlNQkVMWGNxb1FEIjsNCnZhciBnb29nbGVfcmVtYXJrZXRpbmdfb25seSA9IGZhbHNlOw0KLyogXV0+ICovDQo8L3NjcmlwdD4NCjxzY3JpcHQgdHlwZT0idGV4dC9qYXZhc2NyaXB0IiBzcmM9Ii8vd3d3Lmdvb2dsZWFkc2VydmljZXMuY29tL3BhZ2VhZC9jb252ZXJzaW9uLmpzIj4NCjwvc2NyaXB0Pg0KPG5vc2NyaXB0Pg0KPGRpdiBzdHlsZT0iZGlzcGxheTppbmxpbmU7Ij4NCjxpbWcgaGVpZ2h0PSIxIiB3aWR0aD0iMSIgc3R5bGU9ImJvcmRlci1zdHlsZTpub25lOyIgYWx0PSIiIHNyYz0iLy93d3cuZ29vZ2xlYWRzZXJ2aWNlcy5jb20vcGFnZWFkL2NvbnZlcnNpb24vODE0Mzk0OTMzLz9sYWJlbD1xWXJYQ0l1Wi1JTUJFTFhjcW9RRCZhbXA7Z3VpZD1PTiZhbXA7c2NyaXB0PTAiLz4NCjwvZGl2Pg0KPC9ub3NjcmlwdD4NCg==[\/vc_raw_html][\/vc_column][\/vc_row]\n<\/div>","protected":false},"excerpt":{"rendered":"<p>[vc_row full_width=&#8221;stretch_row&#8221; el_id=&#8221;gracias&#8221; css=&#8221;.vc_custom_1520635733737{background-image: url(https:\/\/guiaenmachupicchu.com\/wp-content\/uploads\/2018\/03\/tarifas-fondo-img.jpg?id=36) !important;}&#8221;][vc_column][vc_column_text el_class=&#8221;gracias_texto&#8221;] Obrigada N\u00f3s recebemos suas informa\u00e7\u00f5es corretamente Para n\u00f3s o seu pedido \u00e9 muito importante. Estaremos nos comunicando com voc\u00ea o mais breve poss\u00edvel. Se voc\u00ea quiser aten\u00e7\u00e3o imediata, entre em contato com o seguinte n\u00famero: 051 \u2013 084 \u2013 948922555 [\/vc_column_text][vc_btn title=&#8221;VOLTAR PARA CASA&#8221; style=&#8221;custom&#8221; custom_text=&#8221;#666666&#8243; align=&#8221;center&#8221; link=&#8221;url:https%3A%2F%2Fguiaenmachupicchu.com%2F|&#8221;&hellip;<\/p>\n","protected":false},"author":2,"featured_media":0,"parent":0,"menu_order":2,"comment_status":"closed","ping_status":"open","template":"","meta":{"footnotes":""},"class_list":["post-2351","page","type-page","status-publish","hentry","entry","no-media"],"yoast_head":"<!-- This site is optimized with the Yoast SEO plugin v27.1.1 - https:\/\/yoast.com\/product\/yoast-seo-wordpress\/ -->\n<title>Gracias por contactar con Gu\u00eda en Machu picchu a $68.00 USD Servicio PRIVADO<\/title>\n<meta name=\"description\" content=\"Gracias por contactar con Gu\u00eda en Machu picchu, servicio privado a precio sin competencia $68.00 USD. Si desea una atenci\u00f3n inmediata, llamenos +51948922555\" \/>\n<meta name=\"robots\" content=\"index, follow, max-snippet:-1, max-image-preview:large, max-video-preview:-1\" \/>\n<link rel=\"canonical\" href=\"https:\/\/guiaenmachupicchu.com\/pt-br\/obrigada\/\" \/>\n<meta property=\"og:locale\" content=\"pt_BR\" \/>\n<meta property=\"og:type\" content=\"article\" \/>\n<meta property=\"og:title\" content=\"Gracias por contactar con Gu\u00eda en Machu picchu a $68.00 USD Servicio PRIVADO\" \/>\n<meta property=\"og:description\" content=\"Gracias por contactar con Gu\u00eda en Machu picchu, servicio privado a precio sin competencia $68.00 USD. Si desea una atenci\u00f3n inmediata, llamenos +51948922555\" \/>\n<meta property=\"og:url\" content=\"https:\/\/guiaenmachupicchu.com\/pt-br\/obrigada\/\" \/>\n<meta property=\"og:site_name\" content=\"Guia en Machupicchu\" \/>\n<meta property=\"article:modified_time\" content=\"2026-03-12T03:49:25+00:00\" \/>\n<meta name=\"twitter:card\" content=\"summary_large_image\" \/>\n<meta name=\"twitter:label1\" content=\"Est. tempo de leitura\" \/>\n\t<meta name=\"twitter:data1\" content=\"1 minuto\" \/>\n<script type=\"application\/ld+json\" class=\"yoast-schema-graph\">{\"@context\":\"https:\/\/schema.org\",\"@graph\":[{\"@type\":\"WebPage\",\"@id\":\"https:\/\/guiaenmachupicchu.com\/pt-br\/obrigada\/\",\"url\":\"https:\/\/guiaenmachupicchu.com\/pt-br\/obrigada\/\",\"name\":\"Gracias por contactar con Gu\u00eda en Machu picchu a $68.00 USD Servicio PRIVADO\",\"isPartOf\":{\"@id\":\"https:\/\/guiaenmachupicchu.com\/#website\"},\"datePublished\":\"2019-09-29T23:55:43+00:00\",\"dateModified\":\"2026-03-12T03:49:25+00:00\",\"description\":\"Gracias por contactar con Gu\u00eda en Machu picchu, servicio privado a precio sin competencia $68.00 USD. Si desea una atenci\u00f3n inmediata, llamenos +51948922555\",\"breadcrumb\":{\"@id\":\"https:\/\/guiaenmachupicchu.com\/pt-br\/obrigada\/#breadcrumb\"},\"inLanguage\":\"pt-BR\",\"potentialAction\":[{\"@type\":\"ReadAction\",\"target\":[\"https:\/\/guiaenmachupicchu.com\/pt-br\/obrigada\/\"]}]},{\"@type\":\"BreadcrumbList\",\"@id\":\"https:\/\/guiaenmachupicchu.com\/pt-br\/obrigada\/#breadcrumb\",\"itemListElement\":[{\"@type\":\"ListItem\",\"position\":1,\"name\":\"Portada\",\"item\":\"https:\/\/guiaenmachupicchu.com\/pt-br\/\"},{\"@type\":\"ListItem\",\"position\":2,\"name\":\"Obrigada\"}]},{\"@type\":\"WebSite\",\"@id\":\"https:\/\/guiaenmachupicchu.com\/#website\",\"url\":\"https:\/\/guiaenmachupicchu.com\/\",\"name\":\"Guia en Machupicchu\",\"description\":\"Otro sitio de WordPress\",\"publisher\":{\"@id\":\"https:\/\/guiaenmachupicchu.com\/#organization\"},\"potentialAction\":[{\"@type\":\"SearchAction\",\"target\":{\"@type\":\"EntryPoint\",\"urlTemplate\":\"https:\/\/guiaenmachupicchu.com\/?s={search_term_string}\"},\"query-input\":{\"@type\":\"PropertyValueSpecification\",\"valueRequired\":true,\"valueName\":\"search_term_string\"}}],\"inLanguage\":\"pt-BR\"},{\"@type\":\"Organization\",\"@id\":\"https:\/\/guiaenmachupicchu.com\/#organization\",\"name\":\"Guia en Machupicchu\",\"url\":\"https:\/\/guiaenmachupicchu.com\/\",\"logo\":{\"@type\":\"ImageObject\",\"inLanguage\":\"pt-BR\",\"@id\":\"https:\/\/guiaenmachupicchu.com\/#\/schema\/logo\/image\/\",\"url\":\"https:\/\/guiaenmachupicchu.com\/wp-content\/uploads\/2023\/03\/logo_main_web.jpeg\",\"contentUrl\":\"https:\/\/guiaenmachupicchu.com\/wp-content\/uploads\/2023\/03\/logo_main_web.jpeg\",\"width\":307,\"height\":82,\"caption\":\"Guia en Machupicchu\"},\"image\":{\"@id\":\"https:\/\/guiaenmachupicchu.com\/#\/schema\/logo\/image\/\"}}]}<\/script>\n<!-- \/ Yoast SEO plugin. -->","yoast_head_json":{"title":"Gracias por contactar con Gu\u00eda en Machu picchu a $68.00 USD Servicio PRIVADO","description":"Gracias por contactar con Gu\u00eda en Machu picchu, servicio privado a precio sin competencia $68.00 USD. Si desea una atenci\u00f3n inmediata, llamenos +51948922555","robots":{"index":"index","follow":"follow","max-snippet":"max-snippet:-1","max-image-preview":"max-image-preview:large","max-video-preview":"max-video-preview:-1"},"canonical":"https:\/\/guiaenmachupicchu.com\/pt-br\/obrigada\/","og_locale":"pt_BR","og_type":"article","og_title":"Gracias por contactar con Gu\u00eda en Machu picchu a $68.00 USD Servicio PRIVADO","og_description":"Gracias por contactar con Gu\u00eda en Machu picchu, servicio privado a precio sin competencia $68.00 USD. Si desea una atenci\u00f3n inmediata, llamenos +51948922555","og_url":"https:\/\/guiaenmachupicchu.com\/pt-br\/obrigada\/","og_site_name":"Guia en Machupicchu","article_modified_time":"2026-03-12T03:49:25+00:00","twitter_card":"summary_large_image","twitter_misc":{"Est. tempo de leitura":"1 minuto"},"schema":{"@context":"https:\/\/schema.org","@graph":[{"@type":"WebPage","@id":"https:\/\/guiaenmachupicchu.com\/pt-br\/obrigada\/","url":"https:\/\/guiaenmachupicchu.com\/pt-br\/obrigada\/","name":"Gracias por contactar con Gu\u00eda en Machu picchu a $68.00 USD Servicio PRIVADO","isPartOf":{"@id":"https:\/\/guiaenmachupicchu.com\/#website"},"datePublished":"2019-09-29T23:55:43+00:00","dateModified":"2026-03-12T03:49:25+00:00","description":"Gracias por contactar con Gu\u00eda en Machu picchu, servicio privado a precio sin competencia $68.00 USD. Si desea una atenci\u00f3n inmediata, llamenos +51948922555","breadcrumb":{"@id":"https:\/\/guiaenmachupicchu.com\/pt-br\/obrigada\/#breadcrumb"},"inLanguage":"pt-BR","potentialAction":[{"@type":"ReadAction","target":["https:\/\/guiaenmachupicchu.com\/pt-br\/obrigada\/"]}]},{"@type":"BreadcrumbList","@id":"https:\/\/guiaenmachupicchu.com\/pt-br\/obrigada\/#breadcrumb","itemListElement":[{"@type":"ListItem","position":1,"name":"Portada","item":"https:\/\/guiaenmachupicchu.com\/pt-br\/"},{"@type":"ListItem","position":2,"name":"Obrigada"}]},{"@type":"WebSite","@id":"https:\/\/guiaenmachupicchu.com\/#website","url":"https:\/\/guiaenmachupicchu.com\/","name":"Guia en Machupicchu","description":"Otro sitio de WordPress","publisher":{"@id":"https:\/\/guiaenmachupicchu.com\/#organization"},"potentialAction":[{"@type":"SearchAction","target":{"@type":"EntryPoint","urlTemplate":"https:\/\/guiaenmachupicchu.com\/?s={search_term_string}"},"query-input":{"@type":"PropertyValueSpecification","valueRequired":true,"valueName":"search_term_string"}}],"inLanguage":"pt-BR"},{"@type":"Organization","@id":"https:\/\/guiaenmachupicchu.com\/#organization","name":"Guia en Machupicchu","url":"https:\/\/guiaenmachupicchu.com\/","logo":{"@type":"ImageObject","inLanguage":"pt-BR","@id":"https:\/\/guiaenmachupicchu.com\/#\/schema\/logo\/image\/","url":"https:\/\/guiaenmachupicchu.com\/wp-content\/uploads\/2023\/03\/logo_main_web.jpeg","contentUrl":"https:\/\/guiaenmachupicchu.com\/wp-content\/uploads\/2023\/03\/logo_main_web.jpeg","width":307,"height":82,"caption":"Guia en Machupicchu"},"image":{"@id":"https:\/\/guiaenmachupicchu.com\/#\/schema\/logo\/image\/"}}]}},"_links":{"self":[{"href":"https:\/\/guiaenmachupicchu.com\/pt-br\/wp-json\/wp\/v2\/pages\/2351","targetHints":{"allow":["GET"]}}],"collection":[{"href":"https:\/\/guiaenmachupicchu.com\/pt-br\/wp-json\/wp\/v2\/pages"}],"about":[{"href":"https:\/\/guiaenmachupicchu.com\/pt-br\/wp-json\/wp\/v2\/types\/page"}],"author":[{"embeddable":true,"href":"https:\/\/guiaenmachupicchu.com\/pt-br\/wp-json\/wp\/v2\/users\/2"}],"replies":[{"embeddable":true,"href":"https:\/\/guiaenmachupicchu.com\/pt-br\/wp-json\/wp\/v2\/comments?post=2351"}],"version-history":[{"count":7,"href":"https:\/\/guiaenmachupicchu.com\/pt-br\/wp-json\/wp\/v2\/pages\/2351\/revisions"}],"predecessor-version":[{"id":2371,"href":"https:\/\/guiaenmachupicchu.com\/pt-br\/wp-json\/wp\/v2\/pages\/2351\/revisions\/2371"}],"wp:attachment":[{"href":"https:\/\/guiaenmachupicchu.com\/pt-br\/wp-json\/wp\/v2\/media?parent=2351"}],"curies":[{"name":"wp","href":"https:\/\/api.w.org\/{rel}","templated":true}]}}