{"id":25965,"date":"2026-01-27T20:48:00","date_gmt":"2026-01-28T01:48:00","guid":{"rendered":"https:\/\/guiaenmachupicchu.com\/?page_id=25965"},"modified":"2026-02-01T21:18:06","modified_gmt":"2026-02-02T02:18:06","slug":"machu-picchu-exclusivo-2-dias-1-noite-a-partir-do-vale-sagrado","status":"publish","type":"page","link":"https:\/\/guiaenmachupicchu.com\/pt-br\/machu-picchu-exclusivo-2-dias-1-noite-a-partir-do-vale-sagrado\/","title":{"rendered":"Machu Picchu Exclusivo 2 Dias \/ 1 Noite a partir do Vale Sagrado"},"content":{"rendered":"<div class=\"wpb-content-wrapper\">[vc_row css_animation=&#8221;bounceInDown&#8221;][vc_column width=&#8221;1\/2&#8243;][\/vc_column][vc_column width=&#8221;1\/2&#8243;][vc_column_text css=&#8221;&#8221;]\n<h2 style=\"text-align: center;\"><span style=\"font-size: 28px;\">Experi\u00eancia Privada em Machu Picchu a partir do Vale Sagrado<\/span><\/h2>\n<p style=\"text-align: justify;\">Um <strong>servi\u00e7o privado em Machu Picchu<\/strong> desenvolvido para viajantes que buscam uma experi\u00eancia <strong>bem organizada,<\/strong> com ritmo adequado e personalizado, iniciando o percurso <strong>no Vale Sagrado.<\/strong><br \/>\nNosso foco est\u00e1 no <strong>planejamento antecipado,<\/strong> na <strong>coordena\u00e7\u00e3o clara<\/strong> de cada etapa da viagem e no acompanhamento constante, permitindo aproveitar o trajeto e a visita a Machu Picchu <strong>sem pressa ou improvisos<\/strong>. Cada detalhe \u00e9 pensado para garantir conforto, tranquilidade e uma experi\u00eancia de viagem fluida.<\/p>\n<p style=\"text-align: justify;\"><strong>Nosso servi\u00e7o<\/strong><br \/>\n\u2705 <strong>Servi\u00e7o privado<\/strong> com atendimento personalizado<br \/>\n\u2705 In\u00edcio do percurso no <strong>Vale Sagrado<\/strong><br \/>\n\u2705<strong> Ritmo equilibrado<\/strong> para melhor adapta\u00e7\u00e3o \u00e0 altitude<br \/>\n\u2705 Programa de viagem desenvolvido <strong>por especialistas<\/strong><br \/>\n\u2705 <strong>Assist\u00eancia cont\u00ednua<\/strong> antes e durante o tour<br \/>\n\u2705 Comunica\u00e7\u00e3o direta e suporte permanente<\/p>\n<h3 style=\"text-align: justify;\"><strong><span style=\"font-size: 16px;\">Uma viagem bem organizada faz a diferen\u00e7a!.<\/span><\/strong><\/h3>\n[\/vc_column_text][\/vc_column][\/vc_row][vc_row][vc_column][\/vc_column][\/vc_row][vc_row css_animation=&#8221;fadeInDownBig&#8221;][vc_column][\/vc_column][\/vc_row][vc_row][vc_column width=&#8221;1\/2&#8243;]<div class=\"vcex-toggle vcex-module vcex-toggle--active\" data-animate=\"true\" data-duration=\"300\"><div class=\"vcex-toggle__heading\"><a href=\"#da-1\" class=\"vcex-toggle__trigger wpex-flex wpex-items-center wpex-transition-colors\" aria-expanded=\"true\" aria-controls=\"da-1\"><div class=\"vcex-toggle__icon wpex-mr-10\" aria-hidden=\"true\"><div class=\"vcex-toggle__icon-open wpex-flex wpex-flex-col wpex-items-center\"><svg xmlns=\"http:\/\/www.w3.org\/2000\/svg\" height=\"1.5em\" viewBox=\"0 0 24 24\" width=\"1.5em\" fill=\"currentColor\" class=\"vcex-toggle__icon-open\"><path d=\"M0 0h24v24H0V0z\" fill=\"none\"\/><path d=\"M19 13h-6v6h-2v-6H5v-2h6V5h2v6h6v2z\"\/><\/svg><\/div><div class=\"vcex-toggle__icon-close wpex-flex wpex-flex-col wpex-items-center\"><svg xmlns=\"http:\/\/www.w3.org\/2000\/svg\" height=\"1.5em\" viewBox=\"0 0 24 24\" width=\"1.5em\" fill=\"currentColor\" class=\"vcex-toggle__icon-close\"><path d=\"M0 0h24v24H0V0z\" fill=\"none\"\/><path d=\"M19 13H5v-2h14v2z\"\/><\/svg><\/div><\/div><div class=\"vcex-toggle__title\">D\u00cdA 1<\/div><\/a><\/div><div id=\"da-1\" class=\"vcex-toggle__content wpex-last-mb-0 wpex-my-10 wpex-clr\"><p><span style=\"font-size: 16px\"><strong>\u00a0Chegada e Traslado para o Vale Sagrado<\/strong><\/span><\/p>\n<p><span style=\"font-size: 16px\">O primeiro dia come\u00e7a com o recebimento no aeroporto de Cusco, onde um motorista privado o levar\u00e1 ao hotel no Vale Sagrado, evitando deslocamentos desnecess\u00e1rios e permitindo uma adapta\u00e7\u00e3o gradual \u00e0 altitude.<\/span><br \/>\n<span style=\"font-size: 16px\">Durante o trajeto, voc\u00ea poder\u00e1 apreciar paisagens deslumbrantes enquanto recebe uma breve orienta\u00e7\u00e3o sobre a log\u00edstica do tour, recomenda\u00e7\u00f5es e atendimento personalizado de nossa equipe.<\/span><br \/>\n<span style=\"font-size: 16px\">Ao chegar ao hotel, haver\u00e1 tempo para descansar e se acomodar, preparando-se para o dia seguinte. Tudo est\u00e1 cuidadosamente planejado para garantir conforto, organiza\u00e7\u00e3o e um in\u00edcio de experi\u00eancia em Machu Picchu sem estresse.<\/span><\/p>\n<\/div><\/div><div class=\"vcex-toggle vcex-module vcex-toggle--active\" data-animate=\"true\" data-duration=\"300\"><div class=\"vcex-toggle__heading\"><a href=\"#dia-3-retorno-de-machu-picchu-pueblo-e-traslado-ao-aeroporto-de-cusco\" class=\"vcex-toggle__trigger wpex-flex wpex-items-center wpex-transition-colors\" aria-expanded=\"true\" aria-controls=\"dia-3-retorno-de-machu-picchu-pueblo-e-traslado-ao-aeroporto-de-cusco\"><div class=\"vcex-toggle__icon wpex-mr-10\" aria-hidden=\"true\"><div class=\"vcex-toggle__icon-open wpex-flex wpex-flex-col wpex-items-center\"><svg xmlns=\"http:\/\/www.w3.org\/2000\/svg\" height=\"1.5em\" viewBox=\"0 0 24 24\" width=\"1.5em\" fill=\"currentColor\" class=\"vcex-toggle__icon-open\"><path d=\"M0 0h24v24H0V0z\" fill=\"none\"\/><path d=\"M19 13h-6v6h-2v-6H5v-2h6V5h2v6h6v2z\"\/><\/svg><\/div><div class=\"vcex-toggle__icon-close wpex-flex wpex-flex-col wpex-items-center\"><svg xmlns=\"http:\/\/www.w3.org\/2000\/svg\" height=\"1.5em\" viewBox=\"0 0 24 24\" width=\"1.5em\" fill=\"currentColor\" class=\"vcex-toggle__icon-close\"><path d=\"M0 0h24v24H0V0z\" fill=\"none\"\/><path d=\"M19 13H5v-2h14v2z\"\/><\/svg><\/div><\/div><div class=\"vcex-toggle__title\">Dia 3: Retorno de Machu Picchu Pueblo e traslado ao Aeroporto de Cusco<\/div><\/a><\/div><div id=\"dia-3-retorno-de-machu-picchu-pueblo-e-traslado-ao-aeroporto-de-cusco\" class=\"vcex-toggle__content wpex-last-mb-0 wpex-my-10 wpex-clr\"><p style=\"text-align: justify\"><span style=\"font-size: 16px\">Ap\u00f3s o caf\u00e9 da manh\u00e3, o viajante se dirige por conta pr\u00f3pria \u00e0 esta\u00e7\u00e3o de trem de <strong>Machu Picchu Pueblo (Aguas Calientes)<\/strong> para embarcar no trem tur\u00edstico de retorno, apreciando novamente as paisagens andinas em uma viagem confort\u00e1vel e bem organizada.<\/span><br \/>\n<span style=\"font-size: 16px\">Na chegada \u00e0 <strong>esta\u00e7\u00e3o de trem de Ollantaytambo<\/strong>, o viajante \u00e9 <strong>recebido por nossa equipe<\/strong> e assistido para seguir viagem em <strong>transporte privado at\u00e9 o Aeroporto Internacional Alejandro Velasco Astete, em Cusco.<\/strong><\/span><br \/>\n<span style=\"font-size: 16px\">Este dia de retorno \u00e9 planejado em hor\u00e1rio estrat\u00e9gico, evitando os per\u00edodos de maior fluxo de visitantes que retornam no mesmo dia, garantindo um encerramento tranquilo, confort\u00e1vel e bem coordenado da experi\u00eancia.<\/span><br \/>\n<em><span style=\"font-size: 16px\">O programa mant\u00e9m um enfoque flex\u00edvel, permitindo pequenos ajustes conforme o hor\u00e1rio do voo ou necessidades espec\u00edficas do viajante, sem perder o car\u00e1ter exclusivo do servi\u00e7o.<\/span><\/em><\/p>\n<\/div><\/div>[\/vc_column][vc_column width=&#8221;1\/2&#8243;]<div class=\"vcex-toggle vcex-module\" data-animate=\"true\" data-duration=\"300\"><div class=\"vcex-toggle__heading\"><a href=\"#dia-2-experincia-exclusiva-em-machu-picchu-e-noite-no-vilarejo\" class=\"vcex-toggle__trigger wpex-flex wpex-items-center wpex-transition-colors\" aria-expanded=\"false\" aria-controls=\"dia-2-experincia-exclusiva-em-machu-picchu-e-noite-no-vilarejo\"><div class=\"vcex-toggle__icon wpex-mr-10\" aria-hidden=\"true\"><div class=\"vcex-toggle__icon-open wpex-flex wpex-flex-col wpex-items-center\"><svg xmlns=\"http:\/\/www.w3.org\/2000\/svg\" height=\"1.5em\" viewBox=\"0 0 24 24\" width=\"1.5em\" fill=\"currentColor\" class=\"vcex-toggle__icon-open\"><path d=\"M0 0h24v24H0V0z\" fill=\"none\"\/><path d=\"M19 13h-6v6h-2v-6H5v-2h6V5h2v6h6v2z\"\/><\/svg><\/div><div class=\"vcex-toggle__icon-close wpex-flex wpex-flex-col wpex-items-center\"><svg xmlns=\"http:\/\/www.w3.org\/2000\/svg\" height=\"1.5em\" viewBox=\"0 0 24 24\" width=\"1.5em\" fill=\"currentColor\" class=\"vcex-toggle__icon-close\"><path d=\"M0 0h24v24H0V0z\" fill=\"none\"\/><path d=\"M19 13H5v-2h14v2z\"\/><\/svg><\/div><\/div><div class=\"vcex-toggle__title\">Dia 2: Experi\u00eancia exclusiva em Machu Picchu e noite no vilarejo<\/div><\/a><\/div><div id=\"dia-2-experincia-exclusiva-em-machu-picchu-e-noite-no-vilarejo\" class=\"vcex-toggle__content wpex-last-mb-0 wpex-my-10 wpex-clr\"><p><span style=\"font-size: 16px\">Pela manh\u00e3, o viajante \u00e9 trasladado do hotel no Vale Sagrado at\u00e9 a esta\u00e7\u00e3o de trem, onde embarca no <strong>trem tur\u00edstico com destino a Machu Picchu Pueblo<\/strong>, desfrutando de uma viagem confort\u00e1vel e panor\u00e2mica pelas paisagens andinas.<\/span><br \/>\n<span style=\"font-size: 16px\">Na chegada a <strong>Aguas Calientes \u2013 Machu Picchu Pueblo<\/strong>, o viajante recebe assist\u00eancia e, em seguida, embarca no \u00f4nibus que o leva at\u00e9 o<strong> centro arqueol\u00f3gico de Machu Picchu<\/strong>. Aqui come\u00e7a um dos momentos mais aguardados da viagem: a <strong>visita guiada privada a Machu Picchu<\/strong>, percorrendo os principais setores da cidadela inca com explica\u00e7\u00f5es personalizadas, em um ritmo tranquilo e sem pressa.<\/span><br \/>\n<span style=\"font-size: 16px\">Ap\u00f3s a visita guiada, o viajante retorna ao vilarejo para desfrutar de um <strong>almo\u00e7o tranquilo<\/strong> e do restante da tarde livre, ideal para descansar, caminhar por Machu Picchu Pueblo ou simplesmente absorver a experi\u00eancia vivida.<\/span><br \/>\n<span style=\"font-size: 16px\">A noite \u00e9 passada em <strong>Machu Picchu Pueblo<\/strong>, proporcionando uma experi\u00eancia mais relaxada e exclusiva, longe do ritmo intenso dos visitantes que retornam no mesmo dia.<\/span><\/p>\n<\/div><\/div>[\/vc_column][\/vc_row][vc_row][vc_column][\/vc_column][\/vc_row][vc_row][vc_column][\/vc_column][\/vc_row][vc_row][vc_column width=&#8221;1\/2&#8243;]<div class=\"vcex-toggle vcex-module\" data-animate=\"true\" data-duration=\"300\"><div class=\"vcex-toggle__heading\"><a href=\"#lorem-ipsum-dolor-sit-amet\" class=\"vcex-toggle__trigger wpex-flex wpex-items-center wpex-transition-colors\" aria-expanded=\"false\" aria-controls=\"lorem-ipsum-dolor-sit-amet\"><div class=\"vcex-toggle__icon wpex-mr-10\" aria-hidden=\"true\"><div class=\"vcex-toggle__icon-open wpex-flex wpex-flex-col wpex-items-center\"><svg xmlns=\"http:\/\/www.w3.org\/2000\/svg\" height=\"1.5em\" viewBox=\"0 0 24 24\" width=\"1.5em\" fill=\"currentColor\" class=\"vcex-toggle__icon-open\"><path d=\"M0 0h24v24H0V0z\" fill=\"none\"\/><path d=\"M19 13h-6v6h-2v-6H5v-2h6V5h2v6h6v2z\"\/><\/svg><\/div><div class=\"vcex-toggle__icon-close wpex-flex wpex-flex-col wpex-items-center\"><svg xmlns=\"http:\/\/www.w3.org\/2000\/svg\" height=\"1.5em\" viewBox=\"0 0 24 24\" width=\"1.5em\" fill=\"currentColor\" class=\"vcex-toggle__icon-close\"><path d=\"M0 0h24v24H0V0z\" fill=\"none\"\/><path d=\"M19 13H5v-2h14v2z\"\/><\/svg><\/div><\/div><div class=\"vcex-toggle__title\">Lorem ipsum dolor sit amet?<\/div><\/a><\/div><div id=\"lorem-ipsum-dolor-sit-amet\" class=\"vcex-toggle__content wpex-last-mb-0 wpex-my-10 wpex-clr\"><p>Itiner\u00e1rio Detalhado \u2013 Machu Picchu Exclusivo 2D \/ 1N desde o Vale Sagrado<br \/>\n\ud83d\uddd3 Dia 1 \u2013 Chegada a Cusco e traslado ao Vale Sagrado<br \/>\nRecep\u00e7\u00e3o, descanso e aclimata\u00e7\u00e3o<br \/>\nRecep\u00e7\u00e3o no Aeroporto Internacional Alejandro Velasco Astete (Cusco)<br \/>\nTraslado privado ao hotel no Vale Sagrado dos Incas<br \/>\nAcomoda\u00e7\u00e3o no hotel<br \/>\nTarde livre para descanso, aclimata\u00e7\u00e3o \u00e0 altitude ou para aproveitar o entorno do Vale Sagrado<br \/>\nEste primeiro dia foi planejado para iniciar a viagem de forma tranquila, favorecendo uma melhor adapta\u00e7\u00e3o antes da visita a Machu Picchu.<\/p>\n<\/div><\/div>[\/vc_column][vc_column width=&#8221;1\/2&#8243;]<div class=\"vcex-toggle vcex-module\" data-animate=\"true\" data-duration=\"300\"><div class=\"vcex-toggle__heading\"><a href=\"#dia-2--visita-guiada-e-retorno-organizado\" class=\"vcex-toggle__trigger wpex-flex wpex-items-center wpex-transition-colors\" aria-expanded=\"false\" aria-controls=\"dia-2--visita-guiada-e-retorno-organizado\"><div class=\"vcex-toggle__icon wpex-mr-10\" aria-hidden=\"true\"><div class=\"vcex-toggle__icon-open wpex-flex wpex-flex-col wpex-items-center\"><svg xmlns=\"http:\/\/www.w3.org\/2000\/svg\" height=\"1.5em\" viewBox=\"0 0 24 24\" width=\"1.5em\" fill=\"currentColor\" class=\"vcex-toggle__icon-open\"><path d=\"M0 0h24v24H0V0z\" fill=\"none\"\/><path d=\"M19 13h-6v6h-2v-6H5v-2h6V5h2v6h6v2z\"\/><\/svg><\/div><div class=\"vcex-toggle__icon-close wpex-flex wpex-flex-col wpex-items-center\"><svg xmlns=\"http:\/\/www.w3.org\/2000\/svg\" height=\"1.5em\" viewBox=\"0 0 24 24\" width=\"1.5em\" fill=\"currentColor\" class=\"vcex-toggle__icon-close\"><path d=\"M0 0h24v24H0V0z\" fill=\"none\"\/><path d=\"M19 13H5v-2h14v2z\"\/><\/svg><\/div><\/div><div class=\"vcex-toggle__title\">Dia 2 \u2013 Visita guiada e retorno organizado<\/div><\/a><\/div><div id=\"dia-2--visita-guiada-e-retorno-organizado\" class=\"vcex-toggle__content wpex-last-mb-0 wpex-my-10 wpex-clr\"><p>06:00 Sa\u00edda do hotel no Vale Sagrado e traslado \u00e0 esta\u00e7\u00e3o de trem de Urubamba<br \/>\n06:20 Embarque no trem<br \/>\n06:50 Sa\u00edda do trem com destino a Machu Picchu Pueblo (Aguas Calientes)<br \/>\n09:24 Chegada e recep\u00e7\u00e3o na esta\u00e7\u00e3o de Aguas Calientes<br \/>\n10:30 Traslado em \u00f4nibus at\u00e9 o Santu\u00e1rio Hist\u00f3rico de Machu Picchu<br \/>\n11:00 Entrada e in\u00edcio da visita guiada em Machu Picchu<br \/>\n13:30 T\u00e9rmino da visita guiada<br \/>\n14:00 Retorno em \u00f4nibus a Aguas Calientes<br \/>\n15:00 Almo\u00e7o no povoado<br \/>\n16:00 Embarque no trem de retorno<br \/>\n16:22 Sa\u00edda do trem para Ollantaytambo<br \/>\n18:10 Chegada e recep\u00e7\u00e3o na esta\u00e7\u00e3o de Ollantaytambo<br \/>\n18:20 Traslado privado ao hotel no Vale Sagrado<\/p>\n<\/div><\/div>[\/vc_column][\/vc_row][vc_row][vc_column width=&#8221;1\/2&#8243;][\/vc_column][vc_column width=&#8221;1\/2&#8243;][\/vc_column][\/vc_row]\n<\/div>","protected":false},"excerpt":{"rendered":"<p>[vc_row css_animation=&#8221;bounceInDown&#8221;][vc_column width=&#8221;1\/2&#8243;][\/vc_column][vc_column width=&#8221;1\/2&#8243;][vc_column_text css=&#8221;&#8221;] Experi\u00eancia Privada em Machu Picchu a partir do Vale Sagrado Um servi\u00e7o privado em Machu Picchu desenvolvido para viajantes que buscam uma experi\u00eancia bem organizada, com ritmo adequado e personalizado, iniciando o percurso no Vale Sagrado. Nosso foco est\u00e1 no planejamento antecipado, na coordena\u00e7\u00e3o clara de cada etapa da viagem&hellip;<\/p>\n","protected":false},"author":2,"featured_media":0,"parent":0,"menu_order":0,"comment_status":"closed","ping_status":"closed","template":"","meta":{"footnotes":""},"class_list":["post-25965","page","type-page","status-publish","hentry","entry","no-media"],"yoast_head":"<!-- This site is optimized with the Yoast SEO plugin v27.1.1 - https:\/\/yoast.com\/product\/yoast-seo-wordpress\/ -->\n<title>Machu Picchu Exclusivo 2 Dias 1 Noite desde o Vale Sagrado<\/title>\n<meta name=\"description\" content=\"Tour exclusivo de 2 dias a Machu Picchu desde o Vale Sagrado. Viagem bem organizada, guia privado e ritmo equilibrado.\" \/>\n<meta name=\"robots\" content=\"index, follow, max-snippet:-1, max-image-preview:large, max-video-preview:-1\" \/>\n<link rel=\"canonical\" href=\"https:\/\/guiaenmachupicchu.com\/pt-br\/machu-picchu-exclusivo-2-dias-1-noite-a-partir-do-vale-sagrado\/\" \/>\n<meta property=\"og:locale\" content=\"pt_BR\" \/>\n<meta property=\"og:type\" content=\"article\" \/>\n<meta property=\"og:title\" content=\"Machu Picchu Exclusivo 2 Dias 1 Noite desde o Vale Sagrado\" \/>\n<meta property=\"og:description\" content=\"Tour exclusivo de 2 dias a Machu Picchu desde o Vale Sagrado. Viagem bem organizada, guia privado e ritmo equilibrado.\" \/>\n<meta property=\"og:url\" content=\"https:\/\/guiaenmachupicchu.com\/pt-br\/machu-picchu-exclusivo-2-dias-1-noite-a-partir-do-vale-sagrado\/\" \/>\n<meta property=\"og:site_name\" content=\"Guia en Machupicchu\" \/>\n<meta property=\"article:modified_time\" content=\"2026-02-02T02:18:06+00:00\" \/>\n<meta name=\"twitter:card\" content=\"summary_large_image\" \/>\n<meta name=\"twitter:label1\" content=\"Est. tempo de leitura\" \/>\n\t<meta name=\"twitter:data1\" content=\"4 minutos\" \/>\n<script type=\"application\/ld+json\" class=\"yoast-schema-graph\">{\"@context\":\"https:\/\/schema.org\",\"@graph\":[{\"@type\":\"WebPage\",\"@id\":\"https:\/\/guiaenmachupicchu.com\/pt-br\/machu-picchu-exclusivo-2-dias-1-noite-a-partir-do-vale-sagrado\/\",\"url\":\"https:\/\/guiaenmachupicchu.com\/pt-br\/machu-picchu-exclusivo-2-dias-1-noite-a-partir-do-vale-sagrado\/\",\"name\":\"Machu Picchu Exclusivo 2 Dias 1 Noite desde o Vale Sagrado\",\"isPartOf\":{\"@id\":\"https:\/\/guiaenmachupicchu.com\/#website\"},\"datePublished\":\"2026-01-28T01:48:00+00:00\",\"dateModified\":\"2026-02-02T02:18:06+00:00\",\"description\":\"Tour exclusivo de 2 dias a Machu Picchu desde o Vale Sagrado. Viagem bem organizada, guia privado e ritmo equilibrado.\",\"breadcrumb\":{\"@id\":\"https:\/\/guiaenmachupicchu.com\/pt-br\/machu-picchu-exclusivo-2-dias-1-noite-a-partir-do-vale-sagrado\/#breadcrumb\"},\"inLanguage\":\"pt-BR\",\"potentialAction\":[{\"@type\":\"ReadAction\",\"target\":[\"https:\/\/guiaenmachupicchu.com\/pt-br\/machu-picchu-exclusivo-2-dias-1-noite-a-partir-do-vale-sagrado\/\"]}]},{\"@type\":\"BreadcrumbList\",\"@id\":\"https:\/\/guiaenmachupicchu.com\/pt-br\/machu-picchu-exclusivo-2-dias-1-noite-a-partir-do-vale-sagrado\/#breadcrumb\",\"itemListElement\":[{\"@type\":\"ListItem\",\"position\":1,\"name\":\"Portada\",\"item\":\"https:\/\/guiaenmachupicchu.com\/pt-br\/\"},{\"@type\":\"ListItem\",\"position\":2,\"name\":\"Machu Picchu Exclusivo 2 Dias \/ 1 Noite a partir do Vale Sagrado\"}]},{\"@type\":\"WebSite\",\"@id\":\"https:\/\/guiaenmachupicchu.com\/#website\",\"url\":\"https:\/\/guiaenmachupicchu.com\/\",\"name\":\"Guia en Machupicchu\",\"description\":\"Otro sitio de WordPress\",\"publisher\":{\"@id\":\"https:\/\/guiaenmachupicchu.com\/#organization\"},\"potentialAction\":[{\"@type\":\"SearchAction\",\"target\":{\"@type\":\"EntryPoint\",\"urlTemplate\":\"https:\/\/guiaenmachupicchu.com\/?s={search_term_string}\"},\"query-input\":{\"@type\":\"PropertyValueSpecification\",\"valueRequired\":true,\"valueName\":\"search_term_string\"}}],\"inLanguage\":\"pt-BR\"},{\"@type\":\"Organization\",\"@id\":\"https:\/\/guiaenmachupicchu.com\/#organization\",\"name\":\"Guia en Machupicchu\",\"url\":\"https:\/\/guiaenmachupicchu.com\/\",\"logo\":{\"@type\":\"ImageObject\",\"inLanguage\":\"pt-BR\",\"@id\":\"https:\/\/guiaenmachupicchu.com\/#\/schema\/logo\/image\/\",\"url\":\"https:\/\/guiaenmachupicchu.com\/wp-content\/uploads\/2023\/03\/logo_main_web.jpeg\",\"contentUrl\":\"https:\/\/guiaenmachupicchu.com\/wp-content\/uploads\/2023\/03\/logo_main_web.jpeg\",\"width\":307,\"height\":82,\"caption\":\"Guia en Machupicchu\"},\"image\":{\"@id\":\"https:\/\/guiaenmachupicchu.com\/#\/schema\/logo\/image\/\"}}]}<\/script>\n<!-- \/ Yoast SEO plugin. -->","yoast_head_json":{"title":"Machu Picchu Exclusivo 2 Dias 1 Noite desde o Vale Sagrado","description":"Tour exclusivo de 2 dias a Machu Picchu desde o Vale Sagrado. Viagem bem organizada, guia privado e ritmo equilibrado.","robots":{"index":"index","follow":"follow","max-snippet":"max-snippet:-1","max-image-preview":"max-image-preview:large","max-video-preview":"max-video-preview:-1"},"canonical":"https:\/\/guiaenmachupicchu.com\/pt-br\/machu-picchu-exclusivo-2-dias-1-noite-a-partir-do-vale-sagrado\/","og_locale":"pt_BR","og_type":"article","og_title":"Machu Picchu Exclusivo 2 Dias 1 Noite desde o Vale Sagrado","og_description":"Tour exclusivo de 2 dias a Machu Picchu desde o Vale Sagrado. Viagem bem organizada, guia privado e ritmo equilibrado.","og_url":"https:\/\/guiaenmachupicchu.com\/pt-br\/machu-picchu-exclusivo-2-dias-1-noite-a-partir-do-vale-sagrado\/","og_site_name":"Guia en Machupicchu","article_modified_time":"2026-02-02T02:18:06+00:00","twitter_card":"summary_large_image","twitter_misc":{"Est. tempo de leitura":"4 minutos"},"schema":{"@context":"https:\/\/schema.org","@graph":[{"@type":"WebPage","@id":"https:\/\/guiaenmachupicchu.com\/pt-br\/machu-picchu-exclusivo-2-dias-1-noite-a-partir-do-vale-sagrado\/","url":"https:\/\/guiaenmachupicchu.com\/pt-br\/machu-picchu-exclusivo-2-dias-1-noite-a-partir-do-vale-sagrado\/","name":"Machu Picchu Exclusivo 2 Dias 1 Noite desde o Vale Sagrado","isPartOf":{"@id":"https:\/\/guiaenmachupicchu.com\/#website"},"datePublished":"2026-01-28T01:48:00+00:00","dateModified":"2026-02-02T02:18:06+00:00","description":"Tour exclusivo de 2 dias a Machu Picchu desde o Vale Sagrado. Viagem bem organizada, guia privado e ritmo equilibrado.","breadcrumb":{"@id":"https:\/\/guiaenmachupicchu.com\/pt-br\/machu-picchu-exclusivo-2-dias-1-noite-a-partir-do-vale-sagrado\/#breadcrumb"},"inLanguage":"pt-BR","potentialAction":[{"@type":"ReadAction","target":["https:\/\/guiaenmachupicchu.com\/pt-br\/machu-picchu-exclusivo-2-dias-1-noite-a-partir-do-vale-sagrado\/"]}]},{"@type":"BreadcrumbList","@id":"https:\/\/guiaenmachupicchu.com\/pt-br\/machu-picchu-exclusivo-2-dias-1-noite-a-partir-do-vale-sagrado\/#breadcrumb","itemListElement":[{"@type":"ListItem","position":1,"name":"Portada","item":"https:\/\/guiaenmachupicchu.com\/pt-br\/"},{"@type":"ListItem","position":2,"name":"Machu Picchu Exclusivo 2 Dias \/ 1 Noite a partir do Vale Sagrado"}]},{"@type":"WebSite","@id":"https:\/\/guiaenmachupicchu.com\/#website","url":"https:\/\/guiaenmachupicchu.com\/","name":"Guia en Machupicchu","description":"Otro sitio de WordPress","publisher":{"@id":"https:\/\/guiaenmachupicchu.com\/#organization"},"potentialAction":[{"@type":"SearchAction","target":{"@type":"EntryPoint","urlTemplate":"https:\/\/guiaenmachupicchu.com\/?s={search_term_string}"},"query-input":{"@type":"PropertyValueSpecification","valueRequired":true,"valueName":"search_term_string"}}],"inLanguage":"pt-BR"},{"@type":"Organization","@id":"https:\/\/guiaenmachupicchu.com\/#organization","name":"Guia en Machupicchu","url":"https:\/\/guiaenmachupicchu.com\/","logo":{"@type":"ImageObject","inLanguage":"pt-BR","@id":"https:\/\/guiaenmachupicchu.com\/#\/schema\/logo\/image\/","url":"https:\/\/guiaenmachupicchu.com\/wp-content\/uploads\/2023\/03\/logo_main_web.jpeg","contentUrl":"https:\/\/guiaenmachupicchu.com\/wp-content\/uploads\/2023\/03\/logo_main_web.jpeg","width":307,"height":82,"caption":"Guia en Machupicchu"},"image":{"@id":"https:\/\/guiaenmachupicchu.com\/#\/schema\/logo\/image\/"}}]}},"_links":{"self":[{"href":"https:\/\/guiaenmachupicchu.com\/pt-br\/wp-json\/wp\/v2\/pages\/25965","targetHints":{"allow":["GET"]}}],"collection":[{"href":"https:\/\/guiaenmachupicchu.com\/pt-br\/wp-json\/wp\/v2\/pages"}],"about":[{"href":"https:\/\/guiaenmachupicchu.com\/pt-br\/wp-json\/wp\/v2\/types\/page"}],"author":[{"embeddable":true,"href":"https:\/\/guiaenmachupicchu.com\/pt-br\/wp-json\/wp\/v2\/users\/2"}],"replies":[{"embeddable":true,"href":"https:\/\/guiaenmachupicchu.com\/pt-br\/wp-json\/wp\/v2\/comments?post=25965"}],"version-history":[{"count":10,"href":"https:\/\/guiaenmachupicchu.com\/pt-br\/wp-json\/wp\/v2\/pages\/25965\/revisions"}],"predecessor-version":[{"id":26093,"href":"https:\/\/guiaenmachupicchu.com\/pt-br\/wp-json\/wp\/v2\/pages\/25965\/revisions\/26093"}],"wp:attachment":[{"href":"https:\/\/guiaenmachupicchu.com\/pt-br\/wp-json\/wp\/v2\/media?parent=25965"}],"curies":[{"name":"wp","href":"https:\/\/api.w.org\/{rel}","templated":true}]}}